{"id":16091,"date":"2021-05-20T16:48:51","date_gmt":"2021-05-20T14:48:51","guid":{"rendered":"https:\/\/izbapamieci.muzeumwarszawy.pl\/exhibitions\/wystawa-stala\/"},"modified":"2023-09-29T09:46:19","modified_gmt":"2023-09-29T07:46:19","slug":"core-exhibition","status":"publish","type":"page","link":"https:\/\/izbapamieci.muzeumwarszawy.pl\/en\/exhibitions\/core-exhibition\/","title":{"rendered":"Exhibitions at the Hall of Remembrance"},"content":{"rendered":"\r\n<p>The Hall of Remembrance is a place where one can reflect upon the consequences of violence, radicalism and military conflicts. Its mission is to appeal for dialogue and to \u201ccall for peace\u201d. The expositions presented at the Hall are aimed to honour the victims of the 1944 Warsaw Uprising and to raise awareness of the importance of the Warsaw Insurgents Cemetery. The names of tens of thousands of victims of the Warsaw Uprising have been rescued from oblivion and are now recorded on the Wall of Remembrance.<\/p>\r\n\r\n\r\n\r\n\r\n\r\n<h2 class=\"wp-block-heading\"><strong>Voices of Memory<\/strong><\/h2>\r\n\r\n\r\n\r\n<h3 class=\"wp-block-heading\"><img fetchpriority=\"high\" decoding=\"async\" class=\"alignnone wp-image-137778 size-full\" src=\"https:\/\/izbapamieci.muzeumwarszawy.pl\/wp-content\/uploads\/sites\/25\/2023\/09\/GLOSY-PAMIECI-WWW-AKTUALNOSCI_ENG.jpg\" alt=\"\" width=\"1300\" height=\"870\" srcset=\"https:\/\/izbapamieci.muzeumwarszawy.pl\/wp-content\/uploads\/sites\/25\/2023\/09\/GLOSY-PAMIECI-WWW-AKTUALNOSCI_ENG.jpg 1300w, https:\/\/izbapamieci.muzeumwarszawy.pl\/wp-content\/uploads\/sites\/25\/2023\/09\/GLOSY-PAMIECI-WWW-AKTUALNOSCI_ENG-300x201.jpg 300w, https:\/\/izbapamieci.muzeumwarszawy.pl\/wp-content\/uploads\/sites\/25\/2023\/09\/GLOSY-PAMIECI-WWW-AKTUALNOSCI_ENG-768x514.jpg 768w, https:\/\/izbapamieci.muzeumwarszawy.pl\/wp-content\/uploads\/sites\/25\/2023\/09\/GLOSY-PAMIECI-WWW-AKTUALNOSCI_ENG-500x335.jpg 500w, https:\/\/izbapamieci.muzeumwarszawy.pl\/wp-content\/uploads\/sites\/25\/2023\/09\/GLOSY-PAMIECI-WWW-AKTUALNOSCI_ENG-332x222.jpg 332w, https:\/\/izbapamieci.muzeumwarszawy.pl\/wp-content\/uploads\/sites\/25\/2023\/09\/GLOSY-PAMIECI-WWW-AKTUALNOSCI_ENG-650x435.jpg 650w\" sizes=\"(max-width: 1300px) 100vw, 1300px\" \/><\/h3>\r\n\r\n\r\n\r\n<p><a href=\"https:\/\/izbapamieci.muzeumwarszawy.pl\/en\/exhibitions\/voices-of-memory-transcripts\/\">Read transcripts of recorded memories. Click to open the content in a new page.<\/a><\/p>\r\n<hr \/>\r\n<p>A project by Krzysztof Wodiczko, one of the most celebrated Polish artists in the world.<em>\u00a0Voices of Memory<\/em>\u00a0audio-visual installation commemorates the victims of the Warsaw Uprising and tells the tragic stories of the civilian population of Warsaw in 1944.<\/p>\r\n<p>Krzysztof Wodiczko is one of the most acclaimed audio-visual artists today. The audio-visual installation titled <em>Voices of Memory<\/em>\u2014focuses on the tragic fate of the civilians in Warsaw, their courage, suffering and aid they provided to the insurgents in 1944. It deals in a deeply moving way with the sacrifice of Warsaw residents, driven out of their homes and murdered in mass executions. Created especially for the permanent exhibition at the Hall of Remembrance, the work is in line with the message of Wodiczko\u2019s oeuvre\u2014for years now, the artist has been engaged in anti-war activities, calling for \u201cthe art of un-war\u201d and for establishing the World Institute for the Abolition of War.<\/p>\r\n<p><em>Voices of Memory<\/em> installation is a focal point of the Hall of Remembrance pavilion. The exhibition hall is filled with the accounts of witnesses to the Nazi crimes and of their relatives. Civilians, soldiers as well as the younger generations who carry the burden of the wartime events will be given their voice, among them Wanda Traczyk-Stawska and Tadeusz Rolke. The core of the installation are the testimonies of people affected by the trauma of the Warsaw Uprising. Those personal stories, juxtaposed with one another, form a multi-layered and not-so-obvious portrait of Warsaw in 1944. The witness testimonies are accompanied by the images of flames, propelled by the sound of human voice.<\/p>\r\n<p>The\u00a0<em>Voices of Memory<\/em>\u00a0project has been realised in cooperation with the Profile Foundation and the Embassy of Germany. The exhibition is financed by the City of Warsaw and the German Ministry of Foreign Affairs. The Mayor of Warsaw is an honorary patron of the project.\u00a0<\/p>\r\n<p>Wartime stories and experiences in conversation with Krzysztof Wodiczko were shared by:<\/p>\r\n<ul>\r\n<li>Bohdan Bartnikowski,<\/li>\r\n<li>Helena Bu\u0142garska,<\/li>\r\n<li>El\u017cbieta Gutowska-Niedzia\u0142ek,<\/li>\r\n<li>Tomasz Karasi\u0144ski,<\/li>\r\n<li>Wies\u0142aw K\u0119pi\u0144ski,<\/li>\r\n<li>El\u017cbieta Leszczy\u0144ska,<\/li>\r\n<li>Monika Lurie,<\/li>\r\n<li>Stanis\u0142aw Maliszewski,<\/li>\r\n<li>Stefan Nies\u0142uchowski,<\/li>\r\n<li>Tadeusz Rolke,<\/li>\r\n<li>\u0141ucjan Soko\u0142owski,<\/li>\r\n<li>Jadwiga Szcz\u0119\u015bcik-Parucka,<\/li>\r\n<li>Krzysztof Szlifirski<\/li>\r\n<li>and Wanda Traczyk-Stawska.<\/li>\r\n<\/ul>\r\n<p><strong>WARNING!<\/strong> Due to the difficult content presented in the exhibition, we request that children under the age of 14 view the installation accompanied by an adult.<\/p>\r\n<h2>COLOPHON<\/h2>\r\n<p><strong>Conceived, written and directed by<\/strong>\u00a0Krzysztof Wodiczko<br \/><strong>Initiator of the project<\/strong>\u00a0Jaros\u0142aw Trybu\u015b\u00a0<br \/><strong>Produced by<\/strong>\u00a0Muzeum Warszawy<br \/><strong>Associate producer\u00a0<\/strong>Fundacja Profile<br \/><strong>Executive producer<\/strong>\u00a0Bo\u017cena Czubak<br \/><strong>Interface development\u00a0<\/strong>Jerzy Stypu\u0142kowski<br \/><strong>Director of photography and camera operator\u00a0<\/strong>Marcin Hiller<br \/><strong>Sound postproduction<\/strong>\u00a0Grzegorz Kucharski<br \/><strong>Editor<\/strong>\u00a0\u0141ukasz Gregorek<br \/><strong>Implementation\u00a0<\/strong>Eidotech Polska<br \/><strong>Project coordinators<\/strong>\u00a0Olga Baron i Marta Galewska<br \/><strong>Design<\/strong>: Joanna B\u0119benek<\/p>\r\n<p><img decoding=\"async\" class=\"alignnone wp-image-137848 size-full\" src=\"https:\/\/izbapamieci.muzeumwarszawy.pl\/wp-content\/uploads\/sites\/25\/2023\/09\/GLOSY-PAMIECI-BELKA-ENG-scaled.jpg\" alt=\"\" width=\"2560\" height=\"293\" srcset=\"https:\/\/izbapamieci.muzeumwarszawy.pl\/wp-content\/uploads\/sites\/25\/2023\/09\/GLOSY-PAMIECI-BELKA-ENG-scaled.jpg 2560w, https:\/\/izbapamieci.muzeumwarszawy.pl\/wp-content\/uploads\/sites\/25\/2023\/09\/GLOSY-PAMIECI-BELKA-ENG-300x34.jpg 300w, https:\/\/izbapamieci.muzeumwarszawy.pl\/wp-content\/uploads\/sites\/25\/2023\/09\/GLOSY-PAMIECI-BELKA-ENG-1920x220.jpg 1920w, https:\/\/izbapamieci.muzeumwarszawy.pl\/wp-content\/uploads\/sites\/25\/2023\/09\/GLOSY-PAMIECI-BELKA-ENG-768x88.jpg 768w, https:\/\/izbapamieci.muzeumwarszawy.pl\/wp-content\/uploads\/sites\/25\/2023\/09\/GLOSY-PAMIECI-BELKA-ENG-1536x176.jpg 1536w, https:\/\/izbapamieci.muzeumwarszawy.pl\/wp-content\/uploads\/sites\/25\/2023\/09\/GLOSY-PAMIECI-BELKA-ENG-2048x234.jpg 2048w, https:\/\/izbapamieci.muzeumwarszawy.pl\/wp-content\/uploads\/sites\/25\/2023\/09\/GLOSY-PAMIECI-BELKA-ENG-500x57.jpg 500w, https:\/\/izbapamieci.muzeumwarszawy.pl\/wp-content\/uploads\/sites\/25\/2023\/09\/GLOSY-PAMIECI-BELKA-ENG-650x74.jpg 650w\" sizes=\"(max-width: 2560px) 100vw, 2560px\" \/><\/p>\r\n<h2 class=\"wp-block-heading\">THE HALL OF HISTORY<\/h2>\r\n<h3 class=\"wp-block-heading\"><strong>Historical exhibition<\/strong><\/h3>\r\n<p>The exhibition retells the story of postwar efforts made towards the establishment of the Warsaw Insurgents Cemetery. The story begins right after the Warsaw Uprising. The photographs of the capital city taken after the fighting had stopped in 1944 show the scale of destruction\u2014a city turned into ruins and graves scattered across the rubble.<\/p>\r\n\r\n\r\n\r\n<p>The story of striving to commemorate the victims of the 1944 Uprising has been divided into four thematic fields: <em>Exhumations<\/em> (1945-1947); <em>Establishing the Cemetery of the Fallen in the Uprising<\/em> (from November 1945 until the early 1950s, i.e. as long as the burials were taking place<em>); Erasing from Memory <\/em>(1950s-1980s) and <em>Rescuing<\/em> <em>from Oblivion<\/em> (1990s till 2022).<\/p>\r\n\r\n\r\n\r\n<p>The last thematic field presents social actions undertaken with the aim to restore the cemetery to its proper rank. The informal Social Committee for the Insurgents Cemetery, set up in the 1990s, carried out, among others, an operation of collecting the names of the fallen, of those who had died or disappeared during the Uprising, with the aim to put them on the Wall of Remembrance. Thanks to the Committee\u2019s efforts a stone altar was erected in 2004, sacral and insurgent symbols were incorporated in the <em>Fallen Invincible<\/em> monument (2001) and on the tombstones (from 2012), the cemetery was entered in the Historic Monuments Register (2012) and a competition for the Hall of Remembrance architectural concept was launched (2014).<\/p>\r\n\r\n\r\n\r\n<p>Each of the themes is illustrated by scans of photographs, documents, press cuttings from the Museum of Warsaw collection and from archival research (footnote 1).<\/p>\r\n<p><img decoding=\"async\" class=\"alignnone wp-image-16872 size-full\" src=\"https:\/\/izbapamieci.muzeumwarszawy.pl\/wp-content\/uploads\/sites\/25\/2023\/01\/340A6686_1600pix_\u00a9TKaczor.jpg\" alt=\"\" width=\"1600\" height=\"1005\" srcset=\"https:\/\/izbapamieci.muzeumwarszawy.pl\/wp-content\/uploads\/sites\/25\/2023\/01\/340A6686_1600pix_\u00a9TKaczor.jpg 1600w, https:\/\/izbapamieci.muzeumwarszawy.pl\/wp-content\/uploads\/sites\/25\/2023\/01\/340A6686_1600pix_\u00a9TKaczor-300x188.jpg 300w, https:\/\/izbapamieci.muzeumwarszawy.pl\/wp-content\/uploads\/sites\/25\/2023\/01\/340A6686_1600pix_\u00a9TKaczor-768x482.jpg 768w, https:\/\/izbapamieci.muzeumwarszawy.pl\/wp-content\/uploads\/sites\/25\/2023\/01\/340A6686_1600pix_\u00a9TKaczor-1536x965.jpg 1536w, https:\/\/izbapamieci.muzeumwarszawy.pl\/wp-content\/uploads\/sites\/25\/2023\/01\/340A6686_1600pix_\u00a9TKaczor-500x314.jpg 500w, https:\/\/izbapamieci.muzeumwarszawy.pl\/wp-content\/uploads\/sites\/25\/2023\/01\/340A6686_1600pix_\u00a9TKaczor-650x408.jpg 650w\" sizes=\"(max-width: 1600px) 100vw, 1600px\" \/><\/p>\r\n\r\n\r\n\r\n<p>A scan of the book of the people buried at the cemetery is a vital element of this section of the exhibition. The book contains entries dating back to 30 November 1945 until 1957, as well as singular, incidental entries from the later period. The last entry dates back to 21 June 2001. Over 320 pages of the book are filled mainly with the abbreviation \u201cN.U.\u201d [name unknown] entered in the first name and surname column\u2014and this is perhaps the most poignant testament to the tragedy of the Uprising.<\/p>\r\n\r\n\r\n\r\n<p>The exhibition closes with a film which conveys the message of Wanda Traczyk-Stawska, prime mover behind the construction of the Hall of Remembrance and the chair of the Committee, addressed to the future generations.<\/p>\r\n\r\n\r\n\r\n<p>The Room also houses a sculpture by Gustaw Zem\u0142y titled \u201cThe Reclining One\u201d, from the <em>Reclining Figures<\/em> series. The cast in bronze dates back to 1967 and is a draft for the <em>Fallen Invincible<\/em> <em>1939-1945<\/em> monument unveiled at the Warsaw Insurgents Cemetery in 1973.<\/p>\r\n\r\n\r\n\r\n<h2 class=\"wp-block-heading\"><strong>The Wall of Remembrance<\/strong><\/h2>\r\n\r\n\r\n\r\n<p>The Wall of Memory, situated outside along both sides of the building, is an integral part of the Hall of Remembrance. It bears engraved plaques with the names of nearly 62,000 individuals\u2014identified civilian victims and soldiers of the Warsaw Uprising. The list is being created on the basis of data collected by the Warsaw Rising Museum and as a result of the activities of the Warsaw Insurgents Cemetery Social Committee. The project of the Wall envisages adding more plaques whenever more people are identified.\u00a0<\/p>\r\n<p><img loading=\"lazy\" decoding=\"async\" class=\"wp-image-16571 size-full\" src=\"https:\/\/izbapamieci.muzeumwarszawy.pl\/wp-content\/uploads\/sites\/25\/2022\/10\/Izba-Pamieci-przy-Cmentarzu-Powstancow-Warszawy_fot.-Jakub-Celej_Muzeum-Warszawy-2-scaled.jpg\" alt=\"\" width=\"2560\" height=\"2048\" srcset=\"https:\/\/izbapamieci.muzeumwarszawy.pl\/wp-content\/uploads\/sites\/25\/2022\/10\/Izba-Pamieci-przy-Cmentarzu-Powstancow-Warszawy_fot.-Jakub-Celej_Muzeum-Warszawy-2-scaled.jpg 2560w, https:\/\/izbapamieci.muzeumwarszawy.pl\/wp-content\/uploads\/sites\/25\/2022\/10\/Izba-Pamieci-przy-Cmentarzu-Powstancow-Warszawy_fot.-Jakub-Celej_Muzeum-Warszawy-2-300x240.jpg 300w, https:\/\/izbapamieci.muzeumwarszawy.pl\/wp-content\/uploads\/sites\/25\/2022\/10\/Izba-Pamieci-przy-Cmentarzu-Powstancow-Warszawy_fot.-Jakub-Celej_Muzeum-Warszawy-2-1875x1500.jpg 1875w, https:\/\/izbapamieci.muzeumwarszawy.pl\/wp-content\/uploads\/sites\/25\/2022\/10\/Izba-Pamieci-przy-Cmentarzu-Powstancow-Warszawy_fot.-Jakub-Celej_Muzeum-Warszawy-2-768x614.jpg 768w, https:\/\/izbapamieci.muzeumwarszawy.pl\/wp-content\/uploads\/sites\/25\/2022\/10\/Izba-Pamieci-przy-Cmentarzu-Powstancow-Warszawy_fot.-Jakub-Celej_Muzeum-Warszawy-2-1536x1229.jpg 1536w, https:\/\/izbapamieci.muzeumwarszawy.pl\/wp-content\/uploads\/sites\/25\/2022\/10\/Izba-Pamieci-przy-Cmentarzu-Powstancow-Warszawy_fot.-Jakub-Celej_Muzeum-Warszawy-2-2048x1638.jpg 2048w, https:\/\/izbapamieci.muzeumwarszawy.pl\/wp-content\/uploads\/sites\/25\/2022\/10\/Izba-Pamieci-przy-Cmentarzu-Powstancow-Warszawy_fot.-Jakub-Celej_Muzeum-Warszawy-2-500x400.jpg 500w, https:\/\/izbapamieci.muzeumwarszawy.pl\/wp-content\/uploads\/sites\/25\/2022\/10\/Izba-Pamieci-przy-Cmentarzu-Powstancow-Warszawy_fot.-Jakub-Celej_Muzeum-Warszawy-2-650x520.jpg 650w\" sizes=\"(max-width: 2560px) 100vw, 2560px\" \/><\/p>\r\n\r\n\r\n<hr class=\"wp-block-separator has-alpha-channel-opacity is-style-wide\" \/>\r\n\r\n\r\n<p>FOOTNOTE 1: The research was conducted at the Institute of National Remembrance, the State Archives in Warsaw, the Warsaw Rising Museum, the Dulag 121 Museum, the National Film Archive &#8211; Audiovisual Institute, Voivode\u2019s Deputy for the War Veterans and the Repressed, the Polish Red Cross, and with materials collected by the Warsaw Insurgents Cemetery Social Committee.<\/p>\r\n","protected":false},"excerpt":{"rendered":"<p>The Hall of Remembrance is a place where one can reflect upon the consequences of violence, radicalism and military conflicts. Its mission is to appeal for dialogue and to \u201ccall for peace\u201d. The expositions presented at the Hall are aimed to honour the victims of the 1944 Warsaw Uprising and to raise awareness of the [&hellip;]<\/p>\n","protected":false},"author":1,"featured_media":137778,"parent":14512,"menu_order":0,"comment_status":"closed","ping_status":"closed","template":"p-permanent.php","meta":{"_acf_changed":false,"footnotes":""},"class_list":["post-16091","page","type-page","status-publish","has-post-thumbnail","hentry"],"acf":[],"yoast_head":"<!-- This site is optimized with the Yoast SEO plugin v27.5 - https:\/\/yoast.com\/product\/yoast-seo-wordpress\/ -->\n<title>Exhibitions at the Hall of Remembrance<\/title>\n<meta name=\"description\" content=\"Exhibitions at the Hall of Remembrance. The Hall of Testimonies, History. The Wall of Remembrance.\" \/>\n<meta name=\"robots\" content=\"index, follow, max-snippet:-1, max-image-preview:large, max-video-preview:-1\" \/>\n<link rel=\"canonical\" href=\"https:\/\/izbapamieci.muzeumwarszawy.pl\/en\/exhibitions\/core-exhibition\/\" \/>\n<meta property=\"og:locale\" content=\"en_US\" \/>\n<meta property=\"og:type\" content=\"article\" \/>\n<meta property=\"og:title\" content=\"Exhibitions at the Hall of Remembrance\" \/>\n<meta property=\"og:description\" content=\"Exhibitions at the Hall of Remembrance. The Hall of Testimonies, History. The Wall of Remembrance.\" \/>\n<meta property=\"og:url\" content=\"https:\/\/izbapamieci.muzeumwarszawy.pl\/en\/exhibitions\/core-exhibition\/\" \/>\n<meta property=\"og:site_name\" content=\"Hall of Remembrance at the Warsaw Insurgents Cemetery\" \/>\n<meta property=\"article:publisher\" content=\"https:\/\/www.facebook.com\/muzeum.wola\" \/>\n<meta property=\"article:modified_time\" content=\"2023-09-29T07:46:19+00:00\" \/>\n<meta property=\"og:image\" content=\"https:\/\/izbapamieci.muzeumwarszawy.pl\/wp-content\/uploads\/sites\/25\/2023\/09\/GLOSY-PAMIECI-WWW-AKTUALNOSCI_ENG.jpg\" \/>\n\t<meta property=\"og:image:width\" content=\"1300\" \/>\n\t<meta property=\"og:image:height\" content=\"870\" \/>\n\t<meta property=\"og:image:type\" content=\"image\/jpeg\" \/>\n<meta name=\"twitter:card\" content=\"summary_large_image\" \/>\n<meta name=\"twitter:label1\" content=\"Est. reading time\" \/>\n\t<meta name=\"twitter:data1\" content=\"8 minutes\" \/>\n<script type=\"application\/ld+json\" class=\"yoast-schema-graph\">{\"@context\":\"https:\\\/\\\/schema.org\",\"@graph\":[{\"@type\":\"WebPage\",\"@id\":\"https:\\\/\\\/izbapamieci.muzeumwarszawy.pl\\\/en\\\/exhibitions\\\/core-exhibition\\\/\",\"url\":\"https:\\\/\\\/izbapamieci.muzeumwarszawy.pl\\\/en\\\/exhibitions\\\/core-exhibition\\\/\",\"name\":\"Exhibitions at the Hall of Remembrance\",\"isPartOf\":{\"@id\":\"https:\\\/\\\/izbapamieci.muzeumwarszawy.pl\\\/#website\"},\"primaryImageOfPage\":{\"@id\":\"https:\\\/\\\/izbapamieci.muzeumwarszawy.pl\\\/en\\\/exhibitions\\\/core-exhibition\\\/#primaryimage\"},\"image\":{\"@id\":\"https:\\\/\\\/izbapamieci.muzeumwarszawy.pl\\\/en\\\/exhibitions\\\/core-exhibition\\\/#primaryimage\"},\"thumbnailUrl\":\"https:\\\/\\\/izbapamieci.muzeumwarszawy.pl\\\/wp-content\\\/uploads\\\/sites\\\/25\\\/2023\\\/09\\\/GLOSY-PAMIECI-WWW-AKTUALNOSCI_ENG.jpg\",\"datePublished\":\"2021-05-20T14:48:51+00:00\",\"dateModified\":\"2023-09-29T07:46:19+00:00\",\"description\":\"Exhibitions at the Hall of Remembrance. The Hall of Testimonies, History. The Wall of Remembrance.\",\"breadcrumb\":{\"@id\":\"https:\\\/\\\/izbapamieci.muzeumwarszawy.pl\\\/en\\\/exhibitions\\\/core-exhibition\\\/#breadcrumb\"},\"inLanguage\":\"en-US\",\"potentialAction\":[{\"@type\":\"ReadAction\",\"target\":[\"https:\\\/\\\/izbapamieci.muzeumwarszawy.pl\\\/en\\\/exhibitions\\\/core-exhibition\\\/\"]}]},{\"@type\":\"ImageObject\",\"inLanguage\":\"en-US\",\"@id\":\"https:\\\/\\\/izbapamieci.muzeumwarszawy.pl\\\/en\\\/exhibitions\\\/core-exhibition\\\/#primaryimage\",\"url\":\"https:\\\/\\\/izbapamieci.muzeumwarszawy.pl\\\/wp-content\\\/uploads\\\/sites\\\/25\\\/2023\\\/09\\\/GLOSY-PAMIECI-WWW-AKTUALNOSCI_ENG.jpg\",\"contentUrl\":\"https:\\\/\\\/izbapamieci.muzeumwarszawy.pl\\\/wp-content\\\/uploads\\\/sites\\\/25\\\/2023\\\/09\\\/GLOSY-PAMIECI-WWW-AKTUALNOSCI_ENG.jpg\",\"width\":1300,\"height\":870},{\"@type\":\"BreadcrumbList\",\"@id\":\"https:\\\/\\\/izbapamieci.muzeumwarszawy.pl\\\/en\\\/exhibitions\\\/core-exhibition\\\/#breadcrumb\",\"itemListElement\":[{\"@type\":\"ListItem\",\"position\":1,\"name\":\"Home\",\"item\":\"https:\\\/\\\/izbapamieci.muzeumwarszawy.pl\\\/en\\\/\"},{\"@type\":\"ListItem\",\"position\":2,\"name\":\"Exhibitions\",\"item\":\"https:\\\/\\\/izbapamieci.muzeumwarszawy.pl\\\/en\\\/exhibitions\\\/\"},{\"@type\":\"ListItem\",\"position\":3,\"name\":\"Exhibitions at the Hall of Remembrance\"}]},{\"@type\":\"WebSite\",\"@id\":\"https:\\\/\\\/izbapamieci.muzeumwarszawy.pl\\\/#website\",\"url\":\"https:\\\/\\\/izbapamieci.muzeumwarszawy.pl\\\/\",\"name\":\"Hall of Remembrance at the Warsaw Insurgents Cemetery\",\"description\":\"Hall of Remembrance at the Warsaw Insurgents Cemetery\",\"potentialAction\":[{\"@type\":\"SearchAction\",\"target\":{\"@type\":\"EntryPoint\",\"urlTemplate\":\"https:\\\/\\\/izbapamieci.muzeumwarszawy.pl\\\/?s={search_term_string}\"},\"query-input\":{\"@type\":\"PropertyValueSpecification\",\"valueRequired\":true,\"valueName\":\"search_term_string\"}}],\"inLanguage\":\"en-US\"}]}<\/script>\n<!-- \/ Yoast SEO plugin. -->","yoast_head_json":{"title":"Exhibitions at the Hall of Remembrance","description":"Exhibitions at the Hall of Remembrance. The Hall of Testimonies, History. The Wall of Remembrance.","robots":{"index":"index","follow":"follow","max-snippet":"max-snippet:-1","max-image-preview":"max-image-preview:large","max-video-preview":"max-video-preview:-1"},"canonical":"https:\/\/izbapamieci.muzeumwarszawy.pl\/en\/exhibitions\/core-exhibition\/","og_locale":"en_US","og_type":"article","og_title":"Exhibitions at the Hall of Remembrance","og_description":"Exhibitions at the Hall of Remembrance. The Hall of Testimonies, History. The Wall of Remembrance.","og_url":"https:\/\/izbapamieci.muzeumwarszawy.pl\/en\/exhibitions\/core-exhibition\/","og_site_name":"Hall of Remembrance at the Warsaw Insurgents Cemetery","article_publisher":"https:\/\/www.facebook.com\/muzeum.wola","article_modified_time":"2023-09-29T07:46:19+00:00","og_image":[{"width":1300,"height":870,"url":"https:\/\/izbapamieci.muzeumwarszawy.pl\/wp-content\/uploads\/sites\/25\/2023\/09\/GLOSY-PAMIECI-WWW-AKTUALNOSCI_ENG.jpg","type":"image\/jpeg"}],"twitter_card":"summary_large_image","twitter_misc":{"Est. reading time":"8 minutes"},"schema":{"@context":"https:\/\/schema.org","@graph":[{"@type":"WebPage","@id":"https:\/\/izbapamieci.muzeumwarszawy.pl\/en\/exhibitions\/core-exhibition\/","url":"https:\/\/izbapamieci.muzeumwarszawy.pl\/en\/exhibitions\/core-exhibition\/","name":"Exhibitions at the Hall of Remembrance","isPartOf":{"@id":"https:\/\/izbapamieci.muzeumwarszawy.pl\/#website"},"primaryImageOfPage":{"@id":"https:\/\/izbapamieci.muzeumwarszawy.pl\/en\/exhibitions\/core-exhibition\/#primaryimage"},"image":{"@id":"https:\/\/izbapamieci.muzeumwarszawy.pl\/en\/exhibitions\/core-exhibition\/#primaryimage"},"thumbnailUrl":"https:\/\/izbapamieci.muzeumwarszawy.pl\/wp-content\/uploads\/sites\/25\/2023\/09\/GLOSY-PAMIECI-WWW-AKTUALNOSCI_ENG.jpg","datePublished":"2021-05-20T14:48:51+00:00","dateModified":"2023-09-29T07:46:19+00:00","description":"Exhibitions at the Hall of Remembrance. The Hall of Testimonies, History. The Wall of Remembrance.","breadcrumb":{"@id":"https:\/\/izbapamieci.muzeumwarszawy.pl\/en\/exhibitions\/core-exhibition\/#breadcrumb"},"inLanguage":"en-US","potentialAction":[{"@type":"ReadAction","target":["https:\/\/izbapamieci.muzeumwarszawy.pl\/en\/exhibitions\/core-exhibition\/"]}]},{"@type":"ImageObject","inLanguage":"en-US","@id":"https:\/\/izbapamieci.muzeumwarszawy.pl\/en\/exhibitions\/core-exhibition\/#primaryimage","url":"https:\/\/izbapamieci.muzeumwarszawy.pl\/wp-content\/uploads\/sites\/25\/2023\/09\/GLOSY-PAMIECI-WWW-AKTUALNOSCI_ENG.jpg","contentUrl":"https:\/\/izbapamieci.muzeumwarszawy.pl\/wp-content\/uploads\/sites\/25\/2023\/09\/GLOSY-PAMIECI-WWW-AKTUALNOSCI_ENG.jpg","width":1300,"height":870},{"@type":"BreadcrumbList","@id":"https:\/\/izbapamieci.muzeumwarszawy.pl\/en\/exhibitions\/core-exhibition\/#breadcrumb","itemListElement":[{"@type":"ListItem","position":1,"name":"Home","item":"https:\/\/izbapamieci.muzeumwarszawy.pl\/en\/"},{"@type":"ListItem","position":2,"name":"Exhibitions","item":"https:\/\/izbapamieci.muzeumwarszawy.pl\/en\/exhibitions\/"},{"@type":"ListItem","position":3,"name":"Exhibitions at the Hall of Remembrance"}]},{"@type":"WebSite","@id":"https:\/\/izbapamieci.muzeumwarszawy.pl\/#website","url":"https:\/\/izbapamieci.muzeumwarszawy.pl\/","name":"Hall of Remembrance at the Warsaw Insurgents Cemetery","description":"Hall of Remembrance at the Warsaw Insurgents Cemetery","potentialAction":[{"@type":"SearchAction","target":{"@type":"EntryPoint","urlTemplate":"https:\/\/izbapamieci.muzeumwarszawy.pl\/?s={search_term_string}"},"query-input":{"@type":"PropertyValueSpecification","valueRequired":true,"valueName":"search_term_string"}}],"inLanguage":"en-US"}]}},"_links":{"self":[{"href":"https:\/\/izbapamieci.muzeumwarszawy.pl\/en\/wp-json\/wp\/v2\/pages\/16091","targetHints":{"allow":["GET"]}}],"collection":[{"href":"https:\/\/izbapamieci.muzeumwarszawy.pl\/en\/wp-json\/wp\/v2\/pages"}],"about":[{"href":"https:\/\/izbapamieci.muzeumwarszawy.pl\/en\/wp-json\/wp\/v2\/types\/page"}],"author":[{"embeddable":true,"href":"https:\/\/izbapamieci.muzeumwarszawy.pl\/en\/wp-json\/wp\/v2\/users\/1"}],"replies":[{"embeddable":true,"href":"https:\/\/izbapamieci.muzeumwarszawy.pl\/en\/wp-json\/wp\/v2\/comments?post=16091"}],"version-history":[{"count":17,"href":"https:\/\/izbapamieci.muzeumwarszawy.pl\/en\/wp-json\/wp\/v2\/pages\/16091\/revisions"}],"predecessor-version":[{"id":138004,"href":"https:\/\/izbapamieci.muzeumwarszawy.pl\/en\/wp-json\/wp\/v2\/pages\/16091\/revisions\/138004"}],"up":[{"embeddable":true,"href":"https:\/\/izbapamieci.muzeumwarszawy.pl\/en\/wp-json\/wp\/v2\/pages\/14512"}],"wp:featuredmedia":[{"embeddable":true,"href":"https:\/\/izbapamieci.muzeumwarszawy.pl\/en\/wp-json\/wp\/v2\/media\/137778"}],"wp:attachment":[{"href":"https:\/\/izbapamieci.muzeumwarszawy.pl\/en\/wp-json\/wp\/v2\/media?parent=16091"}],"curies":[{"name":"wp","href":"https:\/\/api.w.org\/{rel}","templated":true}]}}